{"id":52,"date":"2023-05-24T21:10:43","date_gmt":"2023-05-24T21:10:43","guid":{"rendered":"http:\/\/palik-haustechnik.com\/?page_id=52"},"modified":"2024-06-10T19:25:49","modified_gmt":"2024-06-10T19:25:49","slug":"ueber-uns","status":"publish","type":"page","link":"https:\/\/palik-haustechnik.com\/home\/ueber-uns\/","title":{"rendered":"\u00dcber Uns"},"content":{"rendered":"\t\t<div data-elementor-type=\"wp-page\" data-elementor-id=\"52\" class=\"elementor elementor-52\">\n\t\t\t\t\t\t<section class=\"elementor-section elementor-top-section elementor-element elementor-element-403e3147 elementor-section-boxed elementor-section-height-default elementor-section-height-default\" data-id=\"403e3147\" data-element_type=\"section\" data-e-type=\"section\">\n\t\t\t\t\t\t<div class=\"elementor-container elementor-column-gap-default\">\n\t\t\t\t\t<div class=\"elementor-column elementor-col-100 elementor-top-column elementor-element elementor-element-54e3474c elementor-invisible\" data-id=\"54e3474c\" data-element_type=\"column\" data-e-type=\"column\" data-settings=\"{&quot;animation&quot;:&quot;zoomIn&quot;}\">\n\t\t\t<div class=\"elementor-widget-wrap elementor-element-populated\">\n\t\t\t\t\t\t<div class=\"elementor-element elementor-element-7b1706de elementor-widget elementor-widget-heading\" data-id=\"7b1706de\" data-element_type=\"widget\" data-e-type=\"widget\" data-widget_type=\"heading.default\">\n\t\t\t\t<div class=\"elementor-widget-container\">\n\t\t\t\t\t<p class=\"elementor-heading-title elementor-size-default\">\u00dcBER UNS <\/p>\t\t\t\t<\/div>\n\t\t\t\t<\/div>\n\t\t\t\t<div class=\"elementor-element elementor-element-517a6b70 elementor-widget elementor-widget-heading\" data-id=\"517a6b70\" data-element_type=\"widget\" data-e-type=\"widget\" data-widget_type=\"heading.default\">\n\t\t\t\t<div class=\"elementor-widget-container\">\n\t\t\t\t\t<h1 class=\"elementor-heading-title elementor-size-default\">Willkommen bei Palik Haustechnik Heizung Sanit\u00e4r!<\/h1>\t\t\t\t<\/div>\n\t\t\t\t<\/div>\n\t\t\t\t<div class=\"elementor-element elementor-element-1a2810b7 elementor-widget elementor-widget-text-editor\" data-id=\"1a2810b7\" data-element_type=\"widget\" data-e-type=\"widget\" data-widget_type=\"text-editor.default\">\n\t\t\t\t<div class=\"elementor-widget-container\">\n\t\t\t\t\t\t\t\t\t<p>Bei Palik Haustechnik sind wir stolz darauf, Ihnen die besten Heizungs- und Sanit\u00e4rl\u00f6sungen anzubieten. Seit unserer Gr\u00fcndung im Jahr [Gr\u00fcndungsjahr] haben wir uns der Qualit\u00e4t, Innovation und dem herausragenden Kundenservice verschrieben.<br><\/p>\t\t\t\t\t\t\t\t<\/div>\n\t\t\t\t<\/div>\n\t\t\t\t\t<\/div>\n\t\t<\/div>\n\t\t\t\t\t<\/div>\n\t\t<\/section>\n\t\t\t\t<section class=\"elementor-section elementor-top-section elementor-element elementor-element-52cf451b elementor-section-boxed elementor-section-height-default elementor-section-height-default\" data-id=\"52cf451b\" data-element_type=\"section\" data-e-type=\"section\" data-settings=\"{&quot;background_background&quot;:&quot;classic&quot;}\">\n\t\t\t\t\t\t<div class=\"elementor-container elementor-column-gap-default\">\n\t\t\t\t\t<div class=\"elementor-column elementor-col-100 elementor-top-column elementor-element elementor-element-1ee6e9f7\" data-id=\"1ee6e9f7\" data-element_type=\"column\" data-e-type=\"column\">\n\t\t\t<div class=\"elementor-widget-wrap elementor-element-populated\">\n\t\t\t\t\t\t<section class=\"elementor-section elementor-inner-section elementor-element elementor-element-40c09685 elementor-section-boxed elementor-section-height-default elementor-section-height-default\" data-id=\"40c09685\" data-element_type=\"section\" data-e-type=\"section\">\n\t\t\t\t\t\t<div class=\"elementor-container elementor-column-gap-default\">\n\t\t\t\t\t<div class=\"elementor-column elementor-col-50 elementor-inner-column elementor-element elementor-element-6135d3cd elementor-invisible\" data-id=\"6135d3cd\" data-element_type=\"column\" data-e-type=\"column\" data-settings=\"{&quot;background_background&quot;:&quot;classic&quot;,&quot;animation&quot;:&quot;fadeInLeft&quot;}\">\n\t\t\t<div class=\"elementor-widget-wrap elementor-element-populated\">\n\t\t\t\t\t\t<div class=\"elementor-element elementor-element-10356c21 elementor-widget elementor-widget-heading\" data-id=\"10356c21\" data-element_type=\"widget\" data-e-type=\"widget\" data-widget_type=\"heading.default\">\n\t\t\t\t<div class=\"elementor-widget-container\">\n\t\t\t\t\t<p class=\"elementor-heading-title elementor-size-default\">Our vision<\/p>\t\t\t\t<\/div>\n\t\t\t\t<\/div>\n\t\t\t\t<div class=\"elementor-element elementor-element-25b24d45 elementor-widget elementor-widget-heading\" data-id=\"25b24d45\" data-element_type=\"widget\" data-e-type=\"widget\" data-widget_type=\"heading.default\">\n\t\t\t\t<div class=\"elementor-widget-container\">\n\t\t\t\t\t<h3 class=\"elementor-heading-title elementor-size-default\">Unsere Mission<\/h3>\t\t\t\t<\/div>\n\t\t\t\t<\/div>\n\t\t\t\t<div class=\"elementor-element elementor-element-50b2744b elementor-widget elementor-widget-text-editor\" data-id=\"50b2744b\" data-element_type=\"widget\" data-e-type=\"widget\" data-widget_type=\"text-editor.default\">\n\t\t\t\t<div class=\"elementor-widget-container\">\n\t\t\t\t\t\t\t\t\t<p>Unsere Mission ist es, Ihnen innovative und nachhaltige Heizungs- und Sanit\u00e4rl\u00f6sungen zu bieten. Wir glauben fest daran, dass Komfort und Effizienz Hand in Hand gehen sollten, und arbeiten jeden Tag daran, Ihre Lebensqualit\u00e4t durch unsere Dienstleistungen zu verbessern.<\/p>\t\t\t\t\t\t\t\t<\/div>\n\t\t\t\t<\/div>\n\t\t\t\t\t<\/div>\n\t\t<\/div>\n\t\t\t\t<div class=\"elementor-column elementor-col-50 elementor-inner-column elementor-element elementor-element-383cff2e elementor-invisible\" data-id=\"383cff2e\" data-element_type=\"column\" data-e-type=\"column\" data-settings=\"{&quot;animation&quot;:&quot;fadeInRight&quot;}\">\n\t\t\t<div class=\"elementor-widget-wrap elementor-element-populated\">\n\t\t\t\t\t\t<div class=\"elementor-element elementor-element-7c6dec44 elementor-widget elementor-widget-image\" data-id=\"7c6dec44\" data-element_type=\"widget\" data-e-type=\"widget\" data-widget_type=\"image.default\">\n\t\t\t\t<div class=\"elementor-widget-container\">\n\t\t\t\t\t\t\t\t\t\t\t\t\t\t\t<img decoding=\"async\" src=\"https:\/\/palik-haustechnik.com\/wp-content\/uploads\/elementor\/thumbs\/eco_house_02-scaled-q75f22hsp2ytq9nol8ri93sxd9f9ltsblyc605xhtc.jpg\" title=\"Modern eco house with alternative, renewable energy. Ecologically clean technology, water reuse. environmentally safe cottage illustration\" alt=\"Modern eco house with alternative, renewable energy. Ecologically clean technology, water reuse. environmentally safe cottage illustration\" loading=\"lazy\" \/>\t\t\t\t\t\t\t\t\t\t\t\t\t\t\t<\/div>\n\t\t\t\t<\/div>\n\t\t\t\t\t<\/div>\n\t\t<\/div>\n\t\t\t\t\t<\/div>\n\t\t<\/section>\n\t\t\t\t\t<\/div>\n\t\t<\/div>\n\t\t\t\t\t<\/div>\n\t\t<\/section>\n\t\t\t\t<section class=\"elementor-section elementor-top-section elementor-element elementor-element-4181b305 elementor-section-boxed elementor-section-height-default elementor-section-height-default\" data-id=\"4181b305\" data-element_type=\"section\" data-e-type=\"section\">\n\t\t\t\t\t\t<div class=\"elementor-container elementor-column-gap-default\">\n\t\t\t\t\t<div class=\"elementor-column elementor-col-50 elementor-top-column elementor-element elementor-element-15bba47f\" data-id=\"15bba47f\" data-element_type=\"column\" data-e-type=\"column\">\n\t\t\t<div class=\"elementor-widget-wrap elementor-element-populated\">\n\t\t\t\t\t\t<div class=\"elementor-element elementor-element-520e41f1 elementor-widget elementor-widget-heading\" data-id=\"520e41f1\" data-element_type=\"widget\" data-e-type=\"widget\" data-widget_type=\"heading.default\">\n\t\t\t\t<div class=\"elementor-widget-container\">\n\t\t\t\t\t<h2 class=\"elementor-heading-title elementor-size-default\">Unsere Geschichte<\/h2>\t\t\t\t<\/div>\n\t\t\t\t<\/div>\n\t\t\t\t<div class=\"elementor-element elementor-element-1654e56d elementor-widget elementor-widget-text-editor\" data-id=\"1654e56d\" data-element_type=\"widget\" data-e-type=\"widget\" data-widget_type=\"text-editor.default\">\n\t\t\t\t<div class=\"elementor-widget-container\">\n\t\t\t\t\t\t\t\t\t<p>Palik Haustechnik wurde von Andre Palik gegr\u00fcndet, einem leidenschaftlichen Experten im Bereich Heizungs- und Sanit\u00e4rtechnik. Mit einer Vision, kosteneffiziente und umweltfreundliche L\u00f6sungen anzubieten, begann alles in Duisburg im Jahr 2018.<\/p>\t\t\t\t\t\t\t\t<\/div>\n\t\t\t\t<\/div>\n\t\t\t\t<div class=\"elementor-element elementor-element-850f229 elementor-widget elementor-widget-image\" data-id=\"850f229\" data-element_type=\"widget\" data-e-type=\"widget\" data-widget_type=\"image.default\">\n\t\t\t\t<div class=\"elementor-widget-container\">\n\t\t\t\t\t\t\t\t\t\t\t\t\t\t\t<img fetchpriority=\"high\" decoding=\"async\" width=\"800\" height=\"531\" src=\"https:\/\/palik-haustechnik.com\/wp-content\/uploads\/2023\/05\/construction-planning-drawings-2021-08-27-11-27-30-utc-copy-1024x680.jpg\" class=\"attachment-large size-large wp-image-237\" alt=\"\" srcset=\"https:\/\/palik-haustechnik.com\/wp-content\/uploads\/2023\/05\/construction-planning-drawings-2021-08-27-11-27-30-utc-copy-1024x680.jpg 1024w, https:\/\/palik-haustechnik.com\/wp-content\/uploads\/2023\/05\/construction-planning-drawings-2021-08-27-11-27-30-utc-copy-600x398.jpg 600w, https:\/\/palik-haustechnik.com\/wp-content\/uploads\/2023\/05\/construction-planning-drawings-2021-08-27-11-27-30-utc-copy-300x199.jpg 300w, https:\/\/palik-haustechnik.com\/wp-content\/uploads\/2023\/05\/construction-planning-drawings-2021-08-27-11-27-30-utc-copy-768x510.jpg 768w, https:\/\/palik-haustechnik.com\/wp-content\/uploads\/2023\/05\/construction-planning-drawings-2021-08-27-11-27-30-utc-copy.jpg 1500w\" sizes=\"(max-width: 800px) 100vw, 800px\" \/>\t\t\t\t\t\t\t\t\t\t\t\t\t\t\t<\/div>\n\t\t\t\t<\/div>\n\t\t\t\t<div class=\"elementor-element elementor-element-1ec847b7 elementor-widget__width-auto elementor-widget-tablet__width-inherit elementor-widget elementor-widget-counter\" data-id=\"1ec847b7\" data-element_type=\"widget\" data-e-type=\"widget\" data-widget_type=\"counter.default\">\n\t\t\t\t<div class=\"elementor-widget-container\">\n\t\t\t\t\t\t\t<div class=\"elementor-counter\">\n\t\t\t<div class=\"elementor-counter-title\">Jahre Erfahrung<\/div>\t\t\t<div class=\"elementor-counter-number-wrapper\">\n\t\t\t\t<span class=\"elementor-counter-number-prefix\"><\/span>\n\t\t\t\t<span class=\"elementor-counter-number\" data-duration=\"2000\" data-to-value=\"20\" data-from-value=\"0\" data-delimiter=\",\">0<\/span>\n\t\t\t\t<span class=\"elementor-counter-number-suffix\">+<\/span>\n\t\t\t<\/div>\n\t\t<\/div>\n\t\t\t\t\t\t<\/div>\n\t\t\t\t<\/div>\n\t\t\t\t\t<\/div>\n\t\t<\/div>\n\t\t\t\t<div class=\"elementor-column elementor-col-50 elementor-top-column elementor-element elementor-element-4cf717d5\" data-id=\"4cf717d5\" data-element_type=\"column\" data-e-type=\"column\">\n\t\t\t<div class=\"elementor-widget-wrap elementor-element-populated\">\n\t\t\t\t\t\t<div class=\"elementor-element elementor-element-11bee25 e-transform elementor-widget elementor-widget-heading\" data-id=\"11bee25\" data-element_type=\"widget\" data-e-type=\"widget\" data-settings=\"{&quot;_transform_translateX_effect&quot;:{&quot;unit&quot;:&quot;px&quot;,&quot;size&quot;:0,&quot;sizes&quot;:[]},&quot;_transform_translateY_effect&quot;:{&quot;unit&quot;:&quot;px&quot;,&quot;size&quot;:196,&quot;sizes&quot;:[]},&quot;_transform_translateX_effect_tablet&quot;:{&quot;unit&quot;:&quot;px&quot;,&quot;size&quot;:&quot;&quot;,&quot;sizes&quot;:[]},&quot;_transform_translateX_effect_mobile&quot;:{&quot;unit&quot;:&quot;px&quot;,&quot;size&quot;:&quot;&quot;,&quot;sizes&quot;:[]},&quot;_transform_translateY_effect_tablet&quot;:{&quot;unit&quot;:&quot;px&quot;,&quot;size&quot;:&quot;&quot;,&quot;sizes&quot;:[]},&quot;_transform_translateY_effect_mobile&quot;:{&quot;unit&quot;:&quot;px&quot;,&quot;size&quot;:&quot;&quot;,&quot;sizes&quot;:[]}}\" data-widget_type=\"heading.default\">\n\t\t\t\t<div class=\"elementor-widget-container\">\n\t\t\t\t\t<h2 class=\"elementor-heading-title elementor-size-default\">Unsere Werte<br><span style=\"font-family: Heebo, sans-serif;font-size: 16px;text-transform: none\">Wir bei Palik Haustechnik folgen einer Reihe von Werten, die uns leiten:<\/span><\/h2>\t\t\t\t<\/div>\n\t\t\t\t<\/div>\n\t\t\t\t<div class=\"elementor-element elementor-element-678669b elementor-widget elementor-widget-spacer\" data-id=\"678669b\" data-element_type=\"widget\" data-e-type=\"widget\" data-widget_type=\"spacer.default\">\n\t\t\t\t<div class=\"elementor-widget-container\">\n\t\t\t\t\t\t\t<div class=\"elementor-spacer\">\n\t\t\t<div class=\"elementor-spacer-inner\"><\/div>\n\t\t<\/div>\n\t\t\t\t\t\t<\/div>\n\t\t\t\t<\/div>\n\t\t\t\t<div class=\"elementor-element elementor-element-bed99a0 e-transform elementor-widget elementor-widget-text-editor\" data-id=\"bed99a0\" data-element_type=\"widget\" data-e-type=\"widget\" data-settings=\"{&quot;_transform_translateX_effect&quot;:{&quot;unit&quot;:&quot;px&quot;,&quot;size&quot;:0,&quot;sizes&quot;:[]},&quot;_transform_translateY_effect&quot;:{&quot;unit&quot;:&quot;px&quot;,&quot;size&quot;:0,&quot;sizes&quot;:[]},&quot;_transform_translateX_effect_tablet&quot;:{&quot;unit&quot;:&quot;px&quot;,&quot;size&quot;:&quot;&quot;,&quot;sizes&quot;:[]},&quot;_transform_translateX_effect_mobile&quot;:{&quot;unit&quot;:&quot;px&quot;,&quot;size&quot;:&quot;&quot;,&quot;sizes&quot;:[]},&quot;_transform_translateY_effect_tablet&quot;:{&quot;unit&quot;:&quot;px&quot;,&quot;size&quot;:&quot;&quot;,&quot;sizes&quot;:[]},&quot;_transform_translateY_effect_mobile&quot;:{&quot;unit&quot;:&quot;px&quot;,&quot;size&quot;:&quot;&quot;,&quot;sizes&quot;:[]}}\" data-widget_type=\"text-editor.default\">\n\t\t\t\t<div class=\"elementor-widget-container\">\n\t\t\t\t\t\t\t\t\t<p><br><\/p>\n<ul>\n<li><strong>Qualit\u00e4t<\/strong>: Wir streben danach, stets die besten Heizungs- und Sanit\u00e4rl\u00f6sungen anzubieten.<\/li>\n<li><strong>Kundenzufriedenheit<\/strong>: Ihre Zufriedenheit ist unser oberstes Ziel.<\/li>\n<li><strong>Innovation<\/strong>: Wir sind immer auf der Suche nach neuen und besseren Wegen, um Ihre Bed\u00fcrfnisse zu erf\u00fcllen.<\/li>\n<li><strong>Nachhaltigkeit<\/strong>: Wir setzen uns f\u00fcr umweltfreundliche und nachhaltige Praktiken ein.<\/li>\n<\/ul>\t\t\t\t\t\t\t\t<\/div>\n\t\t\t\t<\/div>\n\t\t\t\t<div class=\"elementor-element elementor-element-b56ff8d elementor-widget elementor-widget-spacer\" data-id=\"b56ff8d\" data-element_type=\"widget\" data-e-type=\"widget\" data-widget_type=\"spacer.default\">\n\t\t\t\t<div class=\"elementor-widget-container\">\n\t\t\t\t\t\t\t<div class=\"elementor-spacer\">\n\t\t\t<div class=\"elementor-spacer-inner\"><\/div>\n\t\t<\/div>\n\t\t\t\t\t\t<\/div>\n\t\t\t\t<\/div>\n\t\t\t\t\t<\/div>\n\t\t<\/div>\n\t\t\t\t\t<\/div>\n\t\t<\/section>\n\t\t\t\t<section class=\"elementor-section elementor-top-section elementor-element elementor-element-2769af3b elementor-section-boxed elementor-section-height-default elementor-section-height-default\" data-id=\"2769af3b\" data-element_type=\"section\" data-e-type=\"section\">\n\t\t\t\t\t\t<div class=\"elementor-container elementor-column-gap-default\">\n\t\t\t\t\t<div class=\"elementor-column elementor-col-100 elementor-top-column elementor-element elementor-element-4658cbe9 elementor-invisible\" data-id=\"4658cbe9\" data-element_type=\"column\" data-e-type=\"column\" data-settings=\"{&quot;animation&quot;:&quot;fadeInUp&quot;}\">\n\t\t\t<div class=\"elementor-widget-wrap elementor-element-populated\">\n\t\t\t\t\t\t<div class=\"elementor-element elementor-element-4086b7b9 elementor-widget__width-initial elementor-widget elementor-widget-heading\" data-id=\"4086b7b9\" data-element_type=\"widget\" data-e-type=\"widget\" data-widget_type=\"heading.default\">\n\t\t\t\t<div class=\"elementor-widget-container\">\n\t\t\t\t\t<h2 class=\"elementor-heading-title elementor-size-default\">Vielen Dank, dass Sie sich die Zeit genommen haben, uns kennenzulernen.<\/h2>\t\t\t\t<\/div>\n\t\t\t\t<\/div>\n\t\t\t\t\t<\/div>\n\t\t<\/div>\n\t\t\t\t\t<\/div>\n\t\t<\/section>\n\t\t\t\t<\/div>\n\t\t","protected":false},"excerpt":{"rendered":"<p>\u00dcBER UNS Willkommen bei Palik Haustechnik Heizung Sanit\u00e4r! Bei Palik Haustechnik sind wir stolz darauf, Ihnen die besten Heizungs- und Sanit\u00e4rl\u00f6sungen anzubieten. Seit unserer Gr\u00fcndung im Jahr [Gr\u00fcndungsjahr] haben wir uns der Qualit\u00e4t, Innovation und dem herausragenden Kundenservice verschrieben. Our vision Unsere Mission Unsere Mission ist es, Ihnen innovative und nachhaltige Heizungs- und Sanit\u00e4rl\u00f6sungen zu [&hellip;]<\/p>\n","protected":false},"author":1,"featured_media":0,"parent":0,"menu_order":0,"comment_status":"closed","ping_status":"closed","template":"","meta":{"advanced_seo_description":"","jetpack_seo_html_title":"","jetpack_seo_noindex":false,"footnotes":""},"class_list":["post-52","page","type-page","status-publish","hentry"],"jetpack_sharing_enabled":true,"_links":{"self":[{"href":"https:\/\/palik-haustechnik.com\/home\/wp-json\/wp\/v2\/pages\/52","targetHints":{"allow":["GET"]}}],"collection":[{"href":"https:\/\/palik-haustechnik.com\/home\/wp-json\/wp\/v2\/pages"}],"about":[{"href":"https:\/\/palik-haustechnik.com\/home\/wp-json\/wp\/v2\/types\/page"}],"author":[{"embeddable":true,"href":"https:\/\/palik-haustechnik.com\/home\/wp-json\/wp\/v2\/users\/1"}],"replies":[{"embeddable":true,"href":"https:\/\/palik-haustechnik.com\/home\/wp-json\/wp\/v2\/comments?post=52"}],"version-history":[{"count":10,"href":"https:\/\/palik-haustechnik.com\/home\/wp-json\/wp\/v2\/pages\/52\/revisions"}],"predecessor-version":[{"id":780,"href":"https:\/\/palik-haustechnik.com\/home\/wp-json\/wp\/v2\/pages\/52\/revisions\/780"}],"wp:attachment":[{"href":"https:\/\/palik-haustechnik.com\/home\/wp-json\/wp\/v2\/media?parent=52"}],"curies":[{"name":"wp","href":"https:\/\/api.w.org\/{rel}","templated":true}]}}