{"id":733,"date":"2024-06-07T12:33:44","date_gmt":"2024-06-07T12:33:44","guid":{"rendered":"http:\/\/palik-haustechnik.com\/home\/?page_id=733"},"modified":"2024-06-07T12:37:58","modified_gmt":"2024-06-07T12:37:58","slug":"datenschutz","status":"publish","type":"page","link":"https:\/\/palik-haustechnik.com\/home\/datenschutz\/","title":{"rendered":"Datenschutz"},"content":{"rendered":"\t\t<div data-elementor-type=\"wp-page\" data-elementor-id=\"733\" class=\"elementor elementor-733\">\n\t\t\t\t\t\t<section class=\"elementor-section elementor-top-section elementor-element elementor-element-7dd46b9 elementor-section-boxed elementor-section-height-default elementor-section-height-default\" data-id=\"7dd46b9\" data-element_type=\"section\" data-e-type=\"section\">\n\t\t\t\t\t\t<div class=\"elementor-container elementor-column-gap-default\">\n\t\t\t\t\t<div class=\"elementor-column elementor-col-100 elementor-top-column elementor-element elementor-element-676499b\" data-id=\"676499b\" data-element_type=\"column\" data-e-type=\"column\">\n\t\t\t<div class=\"elementor-widget-wrap elementor-element-populated\">\n\t\t\t\t\t\t<div class=\"elementor-element elementor-element-cc7ef2b elementor-widget elementor-widget-text-editor\" data-id=\"cc7ef2b\" data-element_type=\"widget\" data-e-type=\"widget\" data-widget_type=\"text-editor.default\">\n\t\t\t\t<div class=\"elementor-widget-container\">\n\t\t\t\t\t\t\t\t\t<p><strong>Datenschutzerkl\u00e4rung<\/strong><\/p><p><strong>1. Einleitung<\/strong><\/p><p>Wir freuen uns, dass Sie unsere Website Palik-Haustechnik besuchen. Der Schutz Ihrer Privatsph\u00e4re und Ihrer pers\u00f6nlichen Daten ist uns ein wichtiges Anliegen. Diese Datenschutzerkl\u00e4rung erl\u00e4utert, welche Daten wir erheben und wie wir diese verarbeiten und nutzen.<\/p><p><strong>2. Verantwortlicher<\/strong><\/p><p>Verantwortlicher f\u00fcr die Datenverarbeitung auf dieser Website im Sinne der Datenschutz-Grundverordnung (DSGVO) ist:<\/p><p>Palik-Haustechnik<br \/>Giesenfeldstr.15<br \/>47239,Duisurg<br \/>info@palik-haustechnik.com<br \/>0173 2644504<\/p><p><strong>3. Erhebung und Speicherung personenbezogener Daten sowie Art und Zweck von deren Verwendung<\/strong><\/p><p>a) Beim Besuch der Website<br \/>Beim Aufrufen unserer Website <a href=\"http:\/\/www.palik-haustechnik.de\" target=\"_new\" rel=\"noreferrer\">www.palik-haustechnik.de<\/a> werden durch den auf Ihrem Endger\u00e4t zum Einsatz kommenden Browser automatisch Informationen an den Server unserer Website gesendet. Diese Informationen werden tempor\u00e4r in einem sogenannten Logfile gespeichert. Folgende Informationen werden dabei ohne Ihr Zutun erfasst und bis zur automatisierten L\u00f6schung gespeichert:<\/p><ul><li>IP-Adresse des anfragenden Rechners,<\/li><li>Datum und Uhrzeit des Zugriffs,<\/li><li>Name und URL der abgerufenen Datei,<\/li><li>Website, von der aus der Zugriff erfolgt (Referrer-URL),<\/li><li>verwendeter Browser und ggf. das Betriebssystem Ihres Rechners sowie der Name Ihres Access-Providers.<\/li><\/ul><p>Die genannten Daten werden durch uns zu folgenden Zwecken verarbeitet:<\/p><ul><li>Gew\u00e4hrleistung eines reibungslosen Verbindungsaufbaus der Website,<\/li><li>Gew\u00e4hrleistung einer komfortablen Nutzung unserer Website,<\/li><li>Auswertung der Systemsicherheit und -stabilit\u00e4t sowie<\/li><li>zu weiteren administrativen Zwecken.<\/li><\/ul><p>Die Rechtsgrundlage f\u00fcr die Datenverarbeitung ist Art. 6 Abs. 1 S. 1 lit. f DSGVO. Unser berechtigtes Interesse folgt aus oben aufgelisteten Zwecken zur Datenerhebung.<\/p><p>b) Bei Nutzung unseres Kontaktformulars<br \/>Bei Fragen jeglicher Art bieten wir Ihnen die M\u00f6glichkeit, mit uns \u00fcber ein auf der Website bereitgestelltes Formular Kontakt aufzunehmen. Dabei ist die Angabe einer g\u00fcltigen E-Mail-Adresse erforderlich, damit wir wissen, von wem die Anfrage stammt und um diese beantworten zu k\u00f6nnen. Weitere Angaben k\u00f6nnen freiwillig get\u00e4tigt werden. Die Datenverarbeitung zum Zwecke der Kontaktaufnahme mit uns erfolgt nach Art. 6 Abs. 1 S. 1 lit. a DSGVO auf Grundlage Ihrer freiwillig erteilten Einwilligung.<\/p><p><strong>4. Weitergabe von Daten<\/strong><\/p><p>Eine \u00dcbermittlung Ihrer pers\u00f6nlichen Daten an Dritte zu anderen als den im Folgenden aufgef\u00fchrten Zwecken findet nicht statt.<\/p><p>Wir geben Ihre pers\u00f6nlichen Daten nur an Dritte weiter, wenn:<\/p><ul><li>Sie Ihre nach Art. 6 Abs. 1 S. 1 lit. a DSGVO ausdr\u00fcckliche Einwilligung dazu erteilt haben,<\/li><li>die Weitergabe nach Art. 6 Abs. 1 S. 1 lit. f DSGVO zur Geltendmachung, Aus\u00fcbung oder Verteidigung von Rechtsanspr\u00fcchen erforderlich ist und kein Grund zur Annahme besteht, dass Sie ein \u00fcberwiegendes schutzw\u00fcrdiges Interesse an der Nichtweitergabe Ihrer Daten haben,<\/li><li>f\u00fcr den Fall, dass f\u00fcr die Weitergabe nach Art. 6 Abs. 1 S. 1 lit. c DSGVO eine gesetzliche Verpflichtung besteht, sowie<\/li><li>dies gesetzlich zul\u00e4ssig und nach Art. 6 Abs. 1 S. 1 lit. b DSGVO f\u00fcr die Abwicklung von Vertragsverh\u00e4ltnissen mit Ihnen erforderlich ist.<\/li><\/ul><p><strong>5. Cookies<\/strong><\/p><p>Unsere Website verwendet Cookies. Dabei handelt es sich um kleine Dateien, die Ihr Browser automatisch erstellt und die auf Ihrem Endger\u00e4t (Laptop, Tablet, Smartphone o.\u00e4.) gespeichert werden, wenn Sie unsere Seite besuchen. Cookies richten auf Ihrem Endger\u00e4t keinen Schaden an, enthalten keine Viren, Trojaner oder sonstige Schadsoftware.<\/p><p>Informationen, die durch Cookies gespeichert werden, sind vielf\u00e4ltig und dienen dazu, die Nutzung unserer Website f\u00fcr Sie angenehmer zu gestalten. Rechtsgrundlage f\u00fcr die Nutzung von Cookies ist Art. 6 Abs. 1 S. 1 lit. f DSGVO.<\/p><p><strong>6. Analyse-Tools<\/strong><\/p><p>Wir nutzen auf unserer Website Analysetools, um das Surfverhalten unserer Nutzer auszuwerten. Hierf\u00fcr werden die erhobenen Daten anonymisiert und ausschlie\u00dflich zu statistischen Zwecken verwendet. Die Rechtsgrundlage hierf\u00fcr ist Art. 6 Abs. 1 S. 1 lit. f DSGVO.<\/p><p><strong>7. Ihre Rechte<\/strong><\/p><p>Sie haben das Recht:<\/p><ul><li>gem\u00e4\u00df Art. 15 DSGVO Auskunft \u00fcber Ihre von uns verarbeiteten personenbezogenen Daten zu verlangen.<\/li><li>gem\u00e4\u00df Art. 16 DSGVO unverz\u00fcglich die Berichtigung unrichtiger oder Vervollst\u00e4ndigung Ihrer bei uns gespeicherten personenbezogenen Daten zu verlangen.<\/li><li>gem\u00e4\u00df Art. 17 DSGVO die L\u00f6schung Ihrer bei uns gespeicherten personenbezogenen Daten zu verlangen.<\/li><li>gem\u00e4\u00df Art. 18 DSGVO die Einschr\u00e4nkung der Verarbeitung Ihrer personenbezogenen Daten zu verlangen.<\/li><li>gem\u00e4\u00df Art. 20 DSGVO Ihre personenbezogenen Daten, die Sie uns bereitgestellt haben, in einem strukturierten, g\u00e4ngigen und maschinenlesbaren Format zu erhalten oder die \u00dcbermittlung an einen anderen Verantwortlichen zu verlangen.<\/li><li>gem\u00e4\u00df Art. 7 Abs. 3 DSGVO Ihre einmal erteilte Einwilligung jederzeit gegen\u00fcber uns zu widerrufen.<\/li><li>gem\u00e4\u00df Art. 77 DSGVO sich bei einer Aufsichtsbeh\u00f6rde zu beschweren.<\/li><\/ul><p><strong>8. Datensicherheit<\/strong><\/p><p>Wir verwenden innerhalb des Website-Besuchs das verbreitete SSL-Verfahren (Secure Socket Layer) in Verbindung mit der jeweils h\u00f6chsten Verschl\u00fcsselungsstufe, die von Ihrem Browser unterst\u00fctzt wird. Wir bedienen uns geeigneter technischer und organisatorischer Sicherheitsma\u00dfnahmen, um Ihre Daten gegen zuf\u00e4llige oder vors\u00e4tzliche Manipulationen, teilweisen oder vollst\u00e4ndigen Verlust, Zerst\u00f6rung oder gegen den unbefugten Zugriff Dritter zu sch\u00fctzen.<\/p><p><strong>9. Aktualit\u00e4t und \u00c4nderung dieser Datenschutzerkl\u00e4rung<\/strong><\/p><p>Diese Datenschutzerkl\u00e4rung ist aktuell g\u00fcltig und hat den Stand [Datum]. Durch die Weiterentwicklung unserer Website und Angebote dar\u00fcber oder aufgrund ge\u00e4nderter gesetzlicher beziehungsweise beh\u00f6rdlicher Vorgaben kann es notwendig werden, diese Datenschutzerkl\u00e4rung zu \u00e4nder<\/p>\t\t\t\t\t\t\t\t<\/div>\n\t\t\t\t<\/div>\n\t\t\t\t\t<\/div>\n\t\t<\/div>\n\t\t\t\t\t<\/div>\n\t\t<\/section>\n\t\t\t\t<\/div>\n\t\t","protected":false},"excerpt":{"rendered":"<p>Datenschutzerkl\u00e4rung 1. Einleitung Wir freuen uns, dass Sie unsere Website Palik-Haustechnik besuchen. Der Schutz Ihrer Privatsph\u00e4re und Ihrer pers\u00f6nlichen Daten ist uns ein wichtiges Anliegen. Diese Datenschutzerkl\u00e4rung erl\u00e4utert, welche Daten wir erheben und wie wir diese verarbeiten und nutzen. 2. Verantwortlicher Verantwortlicher f\u00fcr die Datenverarbeitung auf dieser Website im Sinne der Datenschutz-Grundverordnung (DSGVO) ist: Palik-HaustechnikGiesenfeldstr.1547239,Duisurginfo@palik-haustechnik.com0173 [&hellip;]<\/p>\n","protected":false},"author":1,"featured_media":0,"parent":0,"menu_order":0,"comment_status":"closed","ping_status":"closed","template":"","meta":{"advanced_seo_description":"","jetpack_seo_html_title":"","jetpack_seo_noindex":false,"footnotes":""},"class_list":["post-733","page","type-page","status-publish","hentry"],"jetpack_sharing_enabled":true,"_links":{"self":[{"href":"https:\/\/palik-haustechnik.com\/home\/wp-json\/wp\/v2\/pages\/733","targetHints":{"allow":["GET"]}}],"collection":[{"href":"https:\/\/palik-haustechnik.com\/home\/wp-json\/wp\/v2\/pages"}],"about":[{"href":"https:\/\/palik-haustechnik.com\/home\/wp-json\/wp\/v2\/types\/page"}],"author":[{"embeddable":true,"href":"https:\/\/palik-haustechnik.com\/home\/wp-json\/wp\/v2\/users\/1"}],"replies":[{"embeddable":true,"href":"https:\/\/palik-haustechnik.com\/home\/wp-json\/wp\/v2\/comments?post=733"}],"version-history":[{"count":7,"href":"https:\/\/palik-haustechnik.com\/home\/wp-json\/wp\/v2\/pages\/733\/revisions"}],"predecessor-version":[{"id":741,"href":"https:\/\/palik-haustechnik.com\/home\/wp-json\/wp\/v2\/pages\/733\/revisions\/741"}],"wp:attachment":[{"href":"https:\/\/palik-haustechnik.com\/home\/wp-json\/wp\/v2\/media?parent=733"}],"curies":[{"name":"wp","href":"https:\/\/api.w.org\/{rel}","templated":true}]}}