{"id":82,"date":"2023-05-28T12:07:51","date_gmt":"2023-05-28T12:07:51","guid":{"rendered":"http:\/\/palik-haustechnik.com\/?page_id=82"},"modified":"2024-06-17T10:37:15","modified_gmt":"2024-06-17T10:37:15","slug":"heizung","status":"publish","type":"page","link":"https:\/\/palik-haustechnik.com\/home\/heizung\/","title":{"rendered":"Heizung"},"content":{"rendered":"\t\t<div data-elementor-type=\"wp-page\" data-elementor-id=\"82\" class=\"elementor elementor-82\">\n\t\t\t\t\t\t<section class=\"elementor-section elementor-top-section elementor-element elementor-element-6901ca66 elementor-section-full_width elementor-section-height-min-height elementor-section-height-default elementor-section-items-middle\" data-id=\"6901ca66\" data-element_type=\"section\" data-e-type=\"section\" data-settings=\"{&quot;background_background&quot;:&quot;classic&quot;}\">\n\t\t\t\t\t\t\t<div class=\"elementor-background-overlay\"><\/div>\n\t\t\t\t\t\t\t<div class=\"elementor-container elementor-column-gap-narrow\">\n\t\t\t\t\t<div class=\"elementor-column elementor-col-100 elementor-top-column elementor-element elementor-element-4972412b\" data-id=\"4972412b\" data-element_type=\"column\" data-e-type=\"column\">\n\t\t\t<div class=\"elementor-widget-wrap elementor-element-populated\">\n\t\t\t\t\t\t<div class=\"elementor-element elementor-element-1ad2b0c5 elementor-widget elementor-widget-heading\" data-id=\"1ad2b0c5\" data-element_type=\"widget\" data-e-type=\"widget\" data-widget_type=\"heading.default\">\n\t\t\t\t<div class=\"elementor-widget-container\">\n\t\t\t\t\t<h1 class=\"elementor-heading-title elementor-size-default\">Heizungstechnik<\/h1>\t\t\t\t<\/div>\n\t\t\t\t<\/div>\n\t\t\t\t\t<\/div>\n\t\t<\/div>\n\t\t\t\t\t<\/div>\n\t\t<\/section>\n\t\t\t\t<section class=\"elementor-section elementor-top-section elementor-element elementor-element-56f750c6 elementor-section-height-min-height elementor-section-boxed elementor-section-height-default elementor-section-items-middle\" data-id=\"56f750c6\" data-element_type=\"section\" data-e-type=\"section\">\n\t\t\t\t\t\t\t<div class=\"elementor-background-overlay\"><\/div>\n\t\t\t\t\t\t\t<div class=\"elementor-container elementor-column-gap-narrow\">\n\t\t\t\t\t<div class=\"elementor-column elementor-col-50 elementor-top-column elementor-element elementor-element-24310d30\" data-id=\"24310d30\" data-element_type=\"column\" data-e-type=\"column\">\n\t\t\t<div class=\"elementor-widget-wrap elementor-element-populated\">\n\t\t\t\t\t\t<div class=\"elementor-element elementor-element-1ff6f72a elementor-widget elementor-widget-heading\" data-id=\"1ff6f72a\" data-element_type=\"widget\" data-e-type=\"widget\" data-widget_type=\"heading.default\">\n\t\t\t\t<div class=\"elementor-widget-container\">\n\t\t\t\t\t<h2 class=\"elementor-heading-title elementor-size-default\">Palik Haustechnik: Professionelle L\u00f6sungen in Heizung, Sanit\u00e4r, Solar und Klima.<\/h2>\t\t\t\t<\/div>\n\t\t\t\t<\/div>\n\t\t\t\t<div class=\"elementor-element elementor-element-1b854b68 elementor-widget elementor-widget-text-editor\" data-id=\"1b854b68\" data-element_type=\"widget\" data-e-type=\"widget\" data-widget_type=\"text-editor.default\">\n\t\t\t\t<div class=\"elementor-widget-container\">\n\t\t\t\t\t\t\t\t\t<h6>Als Experten im Bereich Haustechnik verstehen wir, dass jede Immobilie und jeder Kunde unterschiedliche Anforderungen hat. Daher bieten wir eine breite Palette von Heizsystemen an, die auf Ihre spezifischen Bed\u00fcrfnisse zugeschnitten sind &#8211; von klassischen Gas- und \u00d6lheizungen \u00fcber moderne Pelletheizungen und W\u00e4rmepumpen bis hin zu Solarthermieanlagen.<\/h6>\t\t\t\t\t\t\t\t<\/div>\n\t\t\t\t<\/div>\n\t\t\t\t<div class=\"elementor-element elementor-element-b844775 elementor-mobile-align-center elementor-widget elementor-widget-button\" data-id=\"b844775\" data-element_type=\"widget\" data-e-type=\"widget\" data-widget_type=\"button.default\">\n\t\t\t\t<div class=\"elementor-widget-container\">\n\t\t\t\t\t\t\t\t\t<div class=\"elementor-button-wrapper\">\n\t\t\t\t\t<a class=\"elementor-button elementor-button-link elementor-size-sm\" href=\"#\">\n\t\t\t\t\t\t<span class=\"elementor-button-content-wrapper\">\n\t\t\t\t\t\t\t\t\t<span class=\"elementor-button-text\">Get Started<\/span>\n\t\t\t\t\t<\/span>\n\t\t\t\t\t<\/a>\n\t\t\t\t<\/div>\n\t\t\t\t\t\t\t\t<\/div>\n\t\t\t\t<\/div>\n\t\t\t\t\t<\/div>\n\t\t<\/div>\n\t\t\t\t<div class=\"elementor-column elementor-col-50 elementor-top-column elementor-element elementor-element-113654ee\" data-id=\"113654ee\" data-element_type=\"column\" data-e-type=\"column\">\n\t\t\t<div class=\"elementor-widget-wrap elementor-element-populated\">\n\t\t\t\t\t\t<div class=\"elementor-element elementor-element-6e30c494 elementor-widget elementor-widget-image\" data-id=\"6e30c494\" data-element_type=\"widget\" data-e-type=\"widget\" data-widget_type=\"image.default\">\n\t\t\t\t<div class=\"elementor-widget-container\">\n\t\t\t\t\t\t\t\t\t\t\t\t\t\t\t<img fetchpriority=\"high\" decoding=\"async\" width=\"800\" height=\"537\" src=\"https:\/\/palik-haustechnik.com\/wp-content\/uploads\/2023\/05\/photo-1513584684374-8bab748fbf90-1024x687.jpg\" class=\"attachment-large size-large wp-image-344\" alt=\"\" srcset=\"https:\/\/palik-haustechnik.com\/wp-content\/uploads\/2023\/05\/photo-1513584684374-8bab748fbf90-1024x687.jpg 1024w, https:\/\/palik-haustechnik.com\/wp-content\/uploads\/2023\/05\/photo-1513584684374-8bab748fbf90-600x403.jpg 600w, https:\/\/palik-haustechnik.com\/wp-content\/uploads\/2023\/05\/photo-1513584684374-8bab748fbf90-300x201.jpg 300w, https:\/\/palik-haustechnik.com\/wp-content\/uploads\/2023\/05\/photo-1513584684374-8bab748fbf90-768x516.jpg 768w, https:\/\/palik-haustechnik.com\/wp-content\/uploads\/2023\/05\/photo-1513584684374-8bab748fbf90.jpg 1080w\" sizes=\"(max-width: 800px) 100vw, 800px\" \/>\t\t\t\t\t\t\t\t\t\t\t\t\t\t\t<\/div>\n\t\t\t\t<\/div>\n\t\t\t\t<div class=\"elementor-element elementor-element-77a67441 elementor-widget__width-auto elementor-widget-tablet__width-inherit elementor-widget elementor-widget-counter\" data-id=\"77a67441\" data-element_type=\"widget\" data-e-type=\"widget\" data-widget_type=\"counter.default\">\n\t\t\t\t<div class=\"elementor-widget-container\">\n\t\t\t\t\t\t\t<div class=\"elementor-counter\">\n\t\t\t<div class=\"elementor-counter-title\">Project Completed<\/div>\t\t\t<div class=\"elementor-counter-number-wrapper\">\n\t\t\t\t<span class=\"elementor-counter-number-prefix\"><\/span>\n\t\t\t\t<span class=\"elementor-counter-number\" data-duration=\"2000\" data-to-value=\"300\" data-from-value=\"0\" data-delimiter=\",\">0<\/span>\n\t\t\t\t<span class=\"elementor-counter-number-suffix\">+<\/span>\n\t\t\t<\/div>\n\t\t<\/div>\n\t\t\t\t\t\t<\/div>\n\t\t\t\t<\/div>\n\t\t\t\t\t<\/div>\n\t\t<\/div>\n\t\t\t\t\t<\/div>\n\t\t<\/section>\n\t\t\t\t<section class=\"elementor-section elementor-top-section elementor-element elementor-element-78a26a0 elementor-section-boxed elementor-section-height-default elementor-section-height-default\" data-id=\"78a26a0\" data-element_type=\"section\" data-e-type=\"section\" data-settings=\"{&quot;background_background&quot;:&quot;classic&quot;}\">\n\t\t\t\t\t\t\t<div class=\"elementor-background-overlay\"><\/div>\n\t\t\t\t\t\t\t<div class=\"elementor-container elementor-column-gap-default\">\n\t\t\t\t\t<div class=\"elementor-column elementor-col-100 elementor-top-column elementor-element elementor-element-7e2ebe02\" data-id=\"7e2ebe02\" data-element_type=\"column\" data-e-type=\"column\">\n\t\t\t<div class=\"elementor-widget-wrap elementor-element-populated\">\n\t\t\t\t\t\t<div class=\"elementor-element elementor-element-2ff7fe0d elementor-widget elementor-widget-heading\" data-id=\"2ff7fe0d\" data-element_type=\"widget\" data-e-type=\"widget\" data-widget_type=\"heading.default\">\n\t\t\t\t<div class=\"elementor-widget-container\">\n\t\t\t\t\t<h2 class=\"elementor-heading-title elementor-size-default\">Moderne Heizdienstleistungen f\u00fcr private und gewerbliche Kunden<\/h2>\t\t\t\t<\/div>\n\t\t\t\t<\/div>\n\t\t\t\t<div class=\"elementor-element elementor-element-59bf1eeb elementor-widget elementor-widget-text-editor\" data-id=\"59bf1eeb\" data-element_type=\"widget\" data-e-type=\"widget\" data-widget_type=\"text-editor.default\">\n\t\t\t\t<div class=\"elementor-widget-container\">\n\t\t\t\t\t\t\t\t\t<h6>Eine Modernisierung Ihrer bestehenden Heizanlage kann die Effizienz steigern und den Energieverbrauch senken. Wir beraten Sie gerne zu den M\u00f6glichkeiten.<\/h6>\t\t\t\t\t\t\t\t<\/div>\n\t\t\t\t<\/div>\n\t\t\t\t\t<\/div>\n\t\t<\/div>\n\t\t\t\t\t<\/div>\n\t\t<\/section>\n\t\t\t\t<section class=\"elementor-section elementor-top-section elementor-element elementor-element-69656881 elementor-section-boxed elementor-section-height-default elementor-section-height-default\" data-id=\"69656881\" data-element_type=\"section\" data-e-type=\"section\" data-settings=\"{&quot;background_background&quot;:&quot;classic&quot;}\">\n\t\t\t\t\t\t\t<div class=\"elementor-background-overlay\"><\/div>\n\t\t\t\t\t\t\t<div class=\"elementor-container elementor-column-gap-default\">\n\t\t\t\t\t<div class=\"elementor-column elementor-col-100 elementor-top-column elementor-element elementor-element-37a0337c animated-slow elementor-invisible\" data-id=\"37a0337c\" data-element_type=\"column\" data-e-type=\"column\" data-settings=\"{&quot;animation&quot;:&quot;fadeInLeft&quot;}\">\n\t\t\t<div class=\"elementor-widget-wrap elementor-element-populated\">\n\t\t\t\t\t\t<section class=\"elementor-section elementor-inner-section elementor-element elementor-element-6beb5784 elementor-section-full_width elementor-section-height-default elementor-section-height-default\" data-id=\"6beb5784\" data-element_type=\"section\" data-e-type=\"section\">\n\t\t\t\t\t\t<div class=\"elementor-container elementor-column-gap-default\">\n\t\t\t\t\t<div class=\"elementor-column elementor-col-100 elementor-inner-column elementor-element elementor-element-7883000\" data-id=\"7883000\" data-element_type=\"column\" data-e-type=\"column\">\n\t\t\t<div class=\"elementor-widget-wrap elementor-element-populated\">\n\t\t\t\t\t\t<div class=\"elementor-element elementor-element-1c3e96ff elementor-widget elementor-widget-heading\" data-id=\"1c3e96ff\" data-element_type=\"widget\" data-e-type=\"widget\" data-widget_type=\"heading.default\">\n\t\t\t\t<div class=\"elementor-widget-container\">\n\t\t\t\t\t<h1 class=\"elementor-heading-title elementor-size-default\">Dienstleistungen<\/h1>\t\t\t\t<\/div>\n\t\t\t\t<\/div>\n\t\t\t\t<div class=\"elementor-element elementor-element-3029f073 elementor-widget elementor-widget-spacer\" data-id=\"3029f073\" data-element_type=\"widget\" data-e-type=\"widget\" data-widget_type=\"spacer.default\">\n\t\t\t\t<div class=\"elementor-widget-container\">\n\t\t\t\t\t\t\t<div class=\"elementor-spacer\">\n\t\t\t<div class=\"elementor-spacer-inner\"><\/div>\n\t\t<\/div>\n\t\t\t\t\t\t<\/div>\n\t\t\t\t<\/div>\n\t\t\t\t\t<\/div>\n\t\t<\/div>\n\t\t\t\t\t<\/div>\n\t\t<\/section>\n\t\t\t\t\t<\/div>\n\t\t<\/div>\n\t\t\t\t\t<\/div>\n\t\t<\/section>\n\t\t\t\t<section class=\"elementor-section elementor-top-section elementor-element elementor-element-48165a7 elementor-section-boxed elementor-section-height-default elementor-section-height-default\" data-id=\"48165a7\" data-element_type=\"section\" data-e-type=\"section\">\n\t\t\t\t\t\t<div class=\"elementor-container elementor-column-gap-default\">\n\t\t\t\t\t<div class=\"elementor-column elementor-col-33 elementor-top-column elementor-element elementor-element-4657ed9\" data-id=\"4657ed9\" data-element_type=\"column\" data-e-type=\"column\">\n\t\t\t<div class=\"elementor-widget-wrap elementor-element-populated\">\n\t\t\t\t\t\t<div class=\"elementor-element elementor-element-b3f006f elementor-position-top elementor-widget elementor-widget-image-box\" data-id=\"b3f006f\" data-element_type=\"widget\" data-e-type=\"widget\" data-widget_type=\"image-box.default\">\n\t\t\t\t<div class=\"elementor-widget-container\">\n\t\t\t\t\t<div class=\"elementor-image-box-wrapper\"><figure class=\"elementor-image-box-img\"><img decoding=\"async\" src=\"https:\/\/palik-haustechnik.com\/wp-content\/uploads\/elementor\/thumbs\/pretty-young-woman-using-the-home-automation-system-on-digital-tablet-to-regulate-the-temperature--q75b9ke19721rvhznlqmfuv03mxpmbshmahqfcvyfm.jpg\" title=\"Pretty young woman using the home automation system on digital tablet to regulate the temperature.\" alt=\"Pretty young woman using the home automation system on digital tablet to regulate the temperature.\" loading=\"lazy\" \/><\/figure><div class=\"elementor-image-box-content\"><h3 class=\"elementor-image-box-title\">Smart-Heizsysteme<\/h3><p class=\"elementor-image-box-description\">Mit Hilfe von IoT-Technologie (Internet der Dinge) bieten wir intelligente Heizsysteme an, die sich an Ihren Lebensstil anpassen und so Energie sparen. Steuern Sie Ihre Heizung bequem per Smartphone oder Tablet, egal wo Sie sich gerade befinden.<\/p><\/div><\/div>\t\t\t\t<\/div>\n\t\t\t\t<\/div>\n\t\t\t\t\t<\/div>\n\t\t<\/div>\n\t\t\t\t<div class=\"elementor-column elementor-col-33 elementor-top-column elementor-element elementor-element-cfeb442\" data-id=\"cfeb442\" data-element_type=\"column\" data-e-type=\"column\">\n\t\t\t<div class=\"elementor-widget-wrap elementor-element-populated\">\n\t\t\t\t\t\t<div class=\"elementor-element elementor-element-fc2aaa5 elementor-position-top elementor-widget elementor-widget-image-box\" data-id=\"fc2aaa5\" data-element_type=\"widget\" data-e-type=\"widget\" data-widget_type=\"image-box.default\">\n\t\t\t\t<div class=\"elementor-widget-container\">\n\t\t\t\t\t<div class=\"elementor-image-box-wrapper\"><figure class=\"elementor-image-box-img\"><img decoding=\"async\" src=\"https:\/\/palik-haustechnik.com\/wp-content\/uploads\/elementor\/thumbs\/underfloor-heating-installation-concept-mat-elecric-heating-sys-q75b4e9znzz9x30budahq5tqhcf1a99mwpblekjwnm.jpg\" title=\"Underfloor heating installation concept. Mat elecric heating sys\" alt=\"Underfloor heating installation concept. Mat elecric heating sys\" loading=\"lazy\" \/><\/figure><div class=\"elementor-image-box-content\"><h3 class=\"elementor-image-box-title\">Energieeffiziente Heizungsl\u00f6sungen<\/h3><p class=\"elementor-image-box-description\">Moderne Heizsysteme wie W\u00e4rmepumpen oder Pelletheizungen k\u00f6nnen die Energieeffizienz Ihres Geb\u00e4udes deutlich verbessern und gleichzeitig Ihre Heizkosten senken.<\/p><\/div><\/div>\t\t\t\t<\/div>\n\t\t\t\t<\/div>\n\t\t\t\t\t<\/div>\n\t\t<\/div>\n\t\t\t\t<div class=\"elementor-column elementor-col-33 elementor-top-column elementor-element elementor-element-1a3f1c5\" data-id=\"1a3f1c5\" data-element_type=\"column\" data-e-type=\"column\">\n\t\t\t<div class=\"elementor-widget-wrap elementor-element-populated\">\n\t\t\t\t\t\t<div class=\"elementor-element elementor-element-0bb0a08 elementor-position-top elementor-widget elementor-widget-image-box\" data-id=\"0bb0a08\" data-element_type=\"widget\" data-e-type=\"widget\" data-widget_type=\"image-box.default\">\n\t\t\t\t<div class=\"elementor-widget-container\">\n\t\t\t\t\t<div class=\"elementor-image-box-wrapper\"><figure class=\"elementor-image-box-img\"><img decoding=\"async\" src=\"https:\/\/palik-haustechnik.com\/wp-content\/uploads\/elementor\/thumbs\/home-water-heating-and-distribution-system-q75bbkrlvft4lukuwz0w9ulhub0z30rtk8q4dnwn4i.jpg\" title=\"Home Water Heating and Distribution System\" alt=\"Home Water Heating and Distribution System\" loading=\"lazy\" \/><\/figure><div class=\"elementor-image-box-content\"><h3 class=\"elementor-image-box-title\">Hybridheizungen<\/h3><p class=\"elementor-image-box-description\">Wir bieten die Installation und Wartung von Hybridheizsystemen an, die die Vorteile verschiedener Energietr\u00e4ger kombinieren - zum Beispiel eine Gasheizung in Kombination mit einer Solarthermieanlage.<\/p><\/div><\/div>\t\t\t\t<\/div>\n\t\t\t\t<\/div>\n\t\t\t\t\t<\/div>\n\t\t<\/div>\n\t\t\t\t\t<\/div>\n\t\t<\/section>\n\t\t\t\t<section class=\"elementor-section elementor-top-section elementor-element elementor-element-7248781f elementor-section-boxed elementor-section-height-default elementor-section-height-default\" data-id=\"7248781f\" data-element_type=\"section\" data-e-type=\"section\">\n\t\t\t\t\t\t<div class=\"elementor-container elementor-column-gap-default\">\n\t\t\t\t\t<div class=\"elementor-column elementor-col-100 elementor-top-column elementor-element elementor-element-3d480c2c\" data-id=\"3d480c2c\" data-element_type=\"column\" data-e-type=\"column\">\n\t\t\t<div class=\"elementor-widget-wrap elementor-element-populated\">\n\t\t\t\t\t\t<div class=\"elementor-element elementor-element-20c20ad3 elementor-tabs-view-vertical elementor-widget elementor-widget-tabs\" data-id=\"20c20ad3\" data-element_type=\"widget\" data-e-type=\"widget\" data-widget_type=\"tabs.default\">\n\t\t\t\t<div class=\"elementor-widget-container\">\n\t\t\t\t\t\t\t<div class=\"elementor-tabs\">\n\t\t\t<div class=\"elementor-tabs-wrapper\" role=\"tablist\" >\n\t\t\t\t\t\t\t\t\t<div id=\"elementor-tab-title-5491\" class=\"elementor-tab-title elementor-tab-desktop-title\" aria-selected=\"true\" data-tab=\"1\" role=\"tab\" tabindex=\"0\" aria-controls=\"elementor-tab-content-5491\" aria-expanded=\"false\">Moderne und effiziente Heizsysteme<\/div>\n\t\t\t\t\t\t\t\t\t<div id=\"elementor-tab-title-5492\" class=\"elementor-tab-title elementor-tab-desktop-title\" aria-selected=\"false\" data-tab=\"2\" role=\"tab\" tabindex=\"-1\" aria-controls=\"elementor-tab-content-5492\" aria-expanded=\"false\">Baumanagement in der Heizungstechnik<\/div>\n\t\t\t\t\t\t\t\t\t<div id=\"elementor-tab-title-5493\" class=\"elementor-tab-title elementor-tab-desktop-title\" aria-selected=\"false\" data-tab=\"3\" role=\"tab\" tabindex=\"-1\" aria-controls=\"elementor-tab-content-5493\" aria-expanded=\"false\">Generalunternehmert\u00e4tigkeit<\/div>\n\t\t\t\t\t\t\t<\/div>\n\t\t\t<div class=\"elementor-tabs-content-wrapper\" role=\"tablist\" aria-orientation=\"vertical\">\n\t\t\t\t\t\t\t\t\t<div class=\"elementor-tab-title elementor-tab-mobile-title\" aria-selected=\"true\" data-tab=\"1\" role=\"tab\" tabindex=\"0\" aria-controls=\"elementor-tab-content-5491\" aria-expanded=\"false\">Moderne und effiziente Heizsysteme<\/div>\n\t\t\t\t\t<div id=\"elementor-tab-content-5491\" class=\"elementor-tab-content elementor-clearfix\" data-tab=\"1\" role=\"tabpanel\" aria-labelledby=\"elementor-tab-title-5491\" tabindex=\"0\" hidden=\"false\"><p>Moderne und effiziente Heizsysteme sind das Herzst\u00fcck jedes Geb\u00e4udes. Bei Palik-Haustechnik bieten wir eine breite Palette von Heizl\u00f6sungen, die auf die spezifischen Anforderungen Ihres Geb\u00e4udes zugeschnitten sind. Von traditionellen Gas- und \u00d6lheizungen \u00fcber umweltfreundliche W\u00e4rmepumpen und Pelletheizungen bis hin zu innovativen Brennstoffzellenheizungen \u2013 wir sorgen daf\u00fcr, dass Ihr Zuhause oder Ihr Gesch\u00e4ft auch in den k\u00e4ltesten Monaten warm und gem\u00fctlich bleibt.<\/p><\/div>\n\t\t\t\t\t\t\t\t\t<div class=\"elementor-tab-title elementor-tab-mobile-title\" aria-selected=\"false\" data-tab=\"2\" role=\"tab\" tabindex=\"-1\" aria-controls=\"elementor-tab-content-5492\" aria-expanded=\"false\">Baumanagement in der Heizungstechnik<\/div>\n\t\t\t\t\t<div id=\"elementor-tab-content-5492\" class=\"elementor-tab-content elementor-clearfix\" data-tab=\"2\" role=\"tabpanel\" aria-labelledby=\"elementor-tab-title-5492\" tabindex=\"0\" hidden=\"hidden\"><p>Bei Palik-Haustechnik betrachten wir Baumanagement als einen integrativen Prozess. Von der Planung bis zur Vollendung eines Projekts steht die effiziente und sachgerechte Integration von Heizsystemen im Mittelpunkt unserer Arbeit. Unser Team von Experten ber\u00e4t Sie bei der Auswahl des geeigneten Heizungssystems, das Ihren spezifischen Bed\u00fcrfnissen entspricht.<\/p><p>Die Installation erfolgt stets fachgerecht und effizient, wobei wir Wert auf eine reibungslose Einbindung in bestehende oder neue Bausubstanzen legen. Auch nach der Installation stehen wir Ihnen mit regelm\u00e4\u00dfigen Wartungsleistungen zur Seite, um die Langlebigkeit und Effizienz Ihres Heizsystems zu gew\u00e4hrleisten.<\/p><p>Mit Palik-Haustechnik w\u00e4hlen Sie einen Partner, der den \u00dcberblick beh\u00e4lt. Wir koordinieren die verschiedenen Bauprozesse und gew\u00e4hrleisten so einen reibungslosen Ablauf und optimale Ergebnisse f\u00fcr Ihr Projekt. Ihr Heizungssystem ist bei uns in besten H\u00e4nden.<\/p><\/div>\n\t\t\t\t\t\t\t\t\t<div class=\"elementor-tab-title elementor-tab-mobile-title\" aria-selected=\"false\" data-tab=\"3\" role=\"tab\" tabindex=\"-1\" aria-controls=\"elementor-tab-content-5493\" aria-expanded=\"false\">Generalunternehmert\u00e4tigkeit<\/div>\n\t\t\t\t\t<div id=\"elementor-tab-content-5493\" class=\"elementor-tab-content elementor-clearfix\" data-tab=\"3\" role=\"tabpanel\" aria-labelledby=\"elementor-tab-title-5493\" tabindex=\"0\" hidden=\"hidden\"><p>Als Generalunternehmer bei Palik-Haustechnik \u00fcbernehmen wir die volle Verantwortung f\u00fcr die Durchf\u00fchrung und den Abschluss Ihres Bauprojekts. Vom ersten Spatenstich bis zur Schl\u00fcssel\u00fcbergabe &#8211; wir k\u00fcmmern uns um alle Aspekte des Projekts, einschlie\u00dflich der Koordination aller notwendigen Handwerksleistungen.<\/p><p>Unser engagiertes und erfahrenes Team sorgt f\u00fcr eine reibungslose Ausf\u00fchrung aller Bauphasen, stets unter Ber\u00fccksichtigung der h\u00f6chsten Qualit\u00e4tsstandards und der Einhaltung des vorgegebenen Zeitplans. Mit uns als Generalunternehmer k\u00f6nnen Sie sicher sein, dass Ihr Projekt mit gr\u00f6\u00dfter Sorgfalt und Professionalit\u00e4t realisiert wird.<\/p><p>Mit Palik-Haustechnik als Ihrem Generalunternehmer haben Sie nur einen Ansprechpartner, der alle Ihre Anforderungen und W\u00fcnsche koordiniert. Wir sorgen daf\u00fcr, dass Ihr Projekt genau Ihren Vorstellungen entspricht und termingerecht fertiggestellt wird. Vertrauen Sie auf unsere Expertise und lassen Sie uns gemeinsam Ihr n\u00e4chstes Projekt realisieren.<\/p><\/div>\n\t\t\t\t\t\t\t<\/div>\n\t\t<\/div>\n\t\t\t\t\t\t<\/div>\n\t\t\t\t<\/div>\n\t\t\t\t\t<\/div>\n\t\t<\/div>\n\t\t\t\t\t<\/div>\n\t\t<\/section>\n\t\t\t\t<section class=\"elementor-section elementor-top-section elementor-element elementor-element-1b13c7dd elementor-section-boxed elementor-section-height-default elementor-section-height-default\" data-id=\"1b13c7dd\" data-element_type=\"section\" data-e-type=\"section\" data-settings=\"{&quot;background_background&quot;:&quot;classic&quot;}\">\n\t\t\t\t\t\t\t<div class=\"elementor-background-overlay\"><\/div>\n\t\t\t\t\t\t\t<div class=\"elementor-container elementor-column-gap-default\">\n\t\t\t\t\t<div class=\"elementor-column elementor-col-100 elementor-top-column elementor-element elementor-element-73e89dd6\" data-id=\"73e89dd6\" data-element_type=\"column\" data-e-type=\"column\">\n\t\t\t<div class=\"elementor-widget-wrap elementor-element-populated\">\n\t\t\t\t\t\t<div class=\"elementor-element elementor-element-1257369e elementor-widget elementor-widget-heading\" data-id=\"1257369e\" data-element_type=\"widget\" data-e-type=\"widget\" data-widget_type=\"heading.default\">\n\t\t\t\t<div class=\"elementor-widget-container\">\n\t\t\t\t\t<h6 class=\"elementor-heading-title elementor-size-default\">Get in touch with us<\/h6>\t\t\t\t<\/div>\n\t\t\t\t<\/div>\n\t\t\t\t<div class=\"elementor-element elementor-element-5bc6f589 elementor-invisible elementor-widget elementor-widget-heading\" data-id=\"5bc6f589\" data-element_type=\"widget\" data-e-type=\"widget\" data-settings=\"{&quot;_animation&quot;:&quot;fadeInDown&quot;}\" data-widget_type=\"heading.default\">\n\t\t\t\t<div class=\"elementor-widget-container\">\n\t\t\t\t\t<h2 class=\"elementor-heading-title elementor-size-default\">Beratung zur Energieeffizienz<\/h2>\t\t\t\t<\/div>\n\t\t\t\t<\/div>\n\t\t\t\t<div class=\"elementor-element elementor-element-67fef23 elementor-widget elementor-widget-text-editor\" data-id=\"67fef23\" data-element_type=\"widget\" data-e-type=\"widget\" data-widget_type=\"text-editor.default\">\n\t\t\t\t<div class=\"elementor-widget-container\">\n\t\t\t\t\t\t\t\t\t<h4 class=\"body-large\"><span style=\"color: #ffffff;\">Bei Palik-Haustechnik bieten wir eine breite Palette an modernen Heizdienstleistungen, die auf Ihre spezifischen Bed\u00fcrfnisse zugeschnitten sind. Kontaktieren Sie uns noch heute, um mehr zu erfahren und ein individuelles Angebot zu erhalten.<\/span><\/h4>\t\t\t\t\t\t\t\t<\/div>\n\t\t\t\t<\/div>\n\t\t\t\t<div class=\"elementor-element elementor-element-329e4c66 elementor-widget elementor-widget-spacer\" data-id=\"329e4c66\" data-element_type=\"widget\" data-e-type=\"widget\" data-widget_type=\"spacer.default\">\n\t\t\t\t<div class=\"elementor-widget-container\">\n\t\t\t\t\t\t\t<div class=\"elementor-spacer\">\n\t\t\t<div class=\"elementor-spacer-inner\"><\/div>\n\t\t<\/div>\n\t\t\t\t\t\t<\/div>\n\t\t\t\t<\/div>\n\t\t\t\t<div class=\"elementor-element elementor-element-1f8aaa98 elementor-align-center elementor-tablet-align-center elementor-mobile-align-justify elementor-button-success elementor-widget elementor-widget-button\" data-id=\"1f8aaa98\" data-element_type=\"widget\" data-e-type=\"widget\" data-widget_type=\"button.default\">\n\t\t\t\t<div class=\"elementor-widget-container\">\n\t\t\t\t\t\t\t\t\t<div class=\"elementor-button-wrapper\">\n\t\t\t\t\t<a class=\"elementor-button elementor-button-link elementor-size-sm elementor-animation-float\" href=\"https:\/\/palik-haustechnik.com\/home\/impressum\/\">\n\t\t\t\t\t\t<span class=\"elementor-button-content-wrapper\">\n\t\t\t\t\t\t\t\t\t<span class=\"elementor-button-text\">Kontaktaufnahme<\/span>\n\t\t\t\t\t<\/span>\n\t\t\t\t\t<\/a>\n\t\t\t\t<\/div>\n\t\t\t\t\t\t\t\t<\/div>\n\t\t\t\t<\/div>\n\t\t\t\t\t<\/div>\n\t\t<\/div>\n\t\t\t\t\t<\/div>\n\t\t<\/section>\n\t\t\t\t<\/div>\n\t\t","protected":false},"excerpt":{"rendered":"<p>Heizungstechnik Palik Haustechnik: Professionelle L\u00f6sungen in Heizung, Sanit\u00e4r, Solar und Klima. Als Experten im Bereich Haustechnik verstehen wir, dass jede Immobilie und jeder Kunde unterschiedliche Anforderungen hat. Daher bieten wir eine breite Palette von Heizsystemen an, die auf Ihre spezifischen Bed\u00fcrfnisse zugeschnitten sind &#8211; von klassischen Gas- und \u00d6lheizungen \u00fcber moderne Pelletheizungen und W\u00e4rmepumpen bis [&hellip;]<\/p>\n","protected":false},"author":1,"featured_media":0,"parent":0,"menu_order":0,"comment_status":"closed","ping_status":"closed","template":"elementor_header_footer","meta":{"advanced_seo_description":"","jetpack_seo_html_title":"","jetpack_seo_noindex":false,"footnotes":""},"class_list":["post-82","page","type-page","status-publish","hentry"],"jetpack_sharing_enabled":true,"_links":{"self":[{"href":"https:\/\/palik-haustechnik.com\/home\/wp-json\/wp\/v2\/pages\/82","targetHints":{"allow":["GET"]}}],"collection":[{"href":"https:\/\/palik-haustechnik.com\/home\/wp-json\/wp\/v2\/pages"}],"about":[{"href":"https:\/\/palik-haustechnik.com\/home\/wp-json\/wp\/v2\/types\/page"}],"author":[{"embeddable":true,"href":"https:\/\/palik-haustechnik.com\/home\/wp-json\/wp\/v2\/users\/1"}],"replies":[{"embeddable":true,"href":"https:\/\/palik-haustechnik.com\/home\/wp-json\/wp\/v2\/comments?post=82"}],"version-history":[{"count":55,"href":"https:\/\/palik-haustechnik.com\/home\/wp-json\/wp\/v2\/pages\/82\/revisions"}],"predecessor-version":[{"id":815,"href":"https:\/\/palik-haustechnik.com\/home\/wp-json\/wp\/v2\/pages\/82\/revisions\/815"}],"wp:attachment":[{"href":"https:\/\/palik-haustechnik.com\/home\/wp-json\/wp\/v2\/media?parent=82"}],"curies":[{"name":"wp","href":"https:\/\/api.w.org\/{rel}","templated":true}]}}