{"id":83,"date":"2023-05-28T12:07:51","date_gmt":"2023-05-28T12:07:51","guid":{"rendered":"http:\/\/palik-haustechnik.com\/?page_id=83"},"modified":"2024-06-17T10:47:58","modified_gmt":"2024-06-17T10:47:58","slug":"sanitaerloesungen","status":"publish","type":"page","link":"https:\/\/palik-haustechnik.com\/home\/sanitaerloesungen\/","title":{"rendered":"Sanit\u00e4rl\u00f6sungen"},"content":{"rendered":"\t\t<div data-elementor-type=\"wp-page\" data-elementor-id=\"83\" class=\"elementor elementor-83\">\n\t\t\t\t\t\t<section class=\"elementor-section elementor-top-section elementor-element elementor-element-6a3fff4 elementor-section-full_width elementor-section-height-min-height elementor-section-height-default elementor-section-items-middle\" data-id=\"6a3fff4\" data-element_type=\"section\" data-e-type=\"section\" data-settings=\"{&quot;background_background&quot;:&quot;classic&quot;}\">\n\t\t\t\t\t\t\t<div class=\"elementor-background-overlay\"><\/div>\n\t\t\t\t\t\t\t<div class=\"elementor-container elementor-column-gap-narrow\">\n\t\t\t\t\t<div class=\"elementor-column elementor-col-100 elementor-top-column elementor-element elementor-element-84c3f96\" data-id=\"84c3f96\" data-element_type=\"column\" data-e-type=\"column\">\n\t\t\t<div class=\"elementor-widget-wrap elementor-element-populated\">\n\t\t\t\t\t\t<div class=\"elementor-element elementor-element-c27f485 elementor-widget elementor-widget-heading\" data-id=\"c27f485\" data-element_type=\"widget\" data-e-type=\"widget\" data-widget_type=\"heading.default\">\n\t\t\t\t<div class=\"elementor-widget-container\">\n\t\t\t\t\t<h1 class=\"elementor-heading-title elementor-size-default\">Sanit\u00e4rl\u00f6sungen f\u00fcr h\u00f6chsten Komfort<\/h1>\t\t\t\t<\/div>\n\t\t\t\t<\/div>\n\t\t\t\t\t<\/div>\n\t\t<\/div>\n\t\t\t\t\t<\/div>\n\t\t<\/section>\n\t\t\t\t<section class=\"elementor-section elementor-top-section elementor-element elementor-element-6acbc431 elementor-section-boxed elementor-section-height-default elementor-section-height-default\" data-id=\"6acbc431\" data-element_type=\"section\" data-e-type=\"section\">\n\t\t\t\t\t\t<div class=\"elementor-container elementor-column-gap-default\">\n\t\t\t\t\t<div class=\"elementor-column elementor-col-100 elementor-top-column elementor-element elementor-element-63f35eb4\" data-id=\"63f35eb4\" data-element_type=\"column\" data-e-type=\"column\">\n\t\t\t<div class=\"elementor-widget-wrap elementor-element-populated\">\n\t\t\t\t\t\t<div class=\"elementor-element elementor-element-1e9f052e elementor-widget elementor-widget-heading\" data-id=\"1e9f052e\" data-element_type=\"widget\" data-e-type=\"widget\" data-widget_type=\"heading.default\">\n\t\t\t\t<div class=\"elementor-widget-container\">\n\t\t\t\t\t<h2 class=\"elementor-heading-title elementor-size-default\">Ma\u00dfgeschneiderte Sanit\u00e4rinstallationen<\/h2>\t\t\t\t<\/div>\n\t\t\t\t<\/div>\n\t\t\t\t<section class=\"elementor-section elementor-inner-section elementor-element elementor-element-d22369d elementor-section-boxed elementor-section-height-default elementor-section-height-default\" data-id=\"d22369d\" data-element_type=\"section\" data-e-type=\"section\">\n\t\t\t\t\t\t<div class=\"elementor-container elementor-column-gap-default\">\n\t\t\t\t\t<div class=\"elementor-column elementor-col-50 elementor-inner-column elementor-element elementor-element-6e28ac58\" data-id=\"6e28ac58\" data-element_type=\"column\" data-e-type=\"column\">\n\t\t\t<div class=\"elementor-widget-wrap elementor-element-populated\">\n\t\t\t\t\t\t<div class=\"elementor-element elementor-element-707c0faf elementor-widget elementor-widget-text-editor\" data-id=\"707c0faf\" data-element_type=\"widget\" data-e-type=\"widget\" data-widget_type=\"text-editor.default\">\n\t\t\t\t<div class=\"elementor-widget-container\">\n\t\t\t\t\t\t\t\t\t<p>Unsere Experten verstehen, dass jede Immobilie einzigartig ist. Daher bieten wir ma\u00dfgeschneiderte Sanit\u00e4rinstallationen an, die auf Ihre spezifischen Bed\u00fcrfnisse zugeschnitten sind. Egal, ob es um die Modernisierung eines Badezimmers, den Einbau energieeffizienter Armaturen oder die Planung einer komplett neuen Sanit\u00e4ranlage geht \u2013 wir haben die L\u00f6sungen.<\/p>\t\t\t\t\t\t\t\t<\/div>\n\t\t\t\t<\/div>\n\t\t\t\t<div class=\"elementor-element elementor-element-72a6de0e elementor-widget elementor-widget-image\" data-id=\"72a6de0e\" data-element_type=\"widget\" data-e-type=\"widget\" data-widget_type=\"image.default\">\n\t\t\t\t<div class=\"elementor-widget-container\">\n\t\t\t\t\t\t\t\t\t\t\t\t\t\t\t<img fetchpriority=\"high\" decoding=\"async\" width=\"800\" height=\"534\" src=\"https:\/\/palik-haustechnik.com\/wp-content\/uploads\/2023\/05\/werksbild-reinraumgeraete-und-edelstahlmaschinen-1-1024x683.jpg\" class=\"attachment-large size-large wp-image-342\" alt=\"\" srcset=\"https:\/\/palik-haustechnik.com\/wp-content\/uploads\/2023\/05\/werksbild-reinraumgeraete-und-edelstahlmaschinen-1-1024x683.jpg 1024w, https:\/\/palik-haustechnik.com\/wp-content\/uploads\/2023\/05\/werksbild-reinraumgeraete-und-edelstahlmaschinen-1-scaled-600x400.jpg 600w, https:\/\/palik-haustechnik.com\/wp-content\/uploads\/2023\/05\/werksbild-reinraumgeraete-und-edelstahlmaschinen-1-300x200.jpg 300w, https:\/\/palik-haustechnik.com\/wp-content\/uploads\/2023\/05\/werksbild-reinraumgeraete-und-edelstahlmaschinen-1-768x512.jpg 768w, https:\/\/palik-haustechnik.com\/wp-content\/uploads\/2023\/05\/werksbild-reinraumgeraete-und-edelstahlmaschinen-1-1536x1024.jpg 1536w, https:\/\/palik-haustechnik.com\/wp-content\/uploads\/2023\/05\/werksbild-reinraumgeraete-und-edelstahlmaschinen-1-2048x1365.jpg 2048w\" sizes=\"(max-width: 800px) 100vw, 800px\" \/>\t\t\t\t\t\t\t\t\t\t\t\t\t\t\t<\/div>\n\t\t\t\t<\/div>\n\t\t\t\t\t<\/div>\n\t\t<\/div>\n\t\t\t\t<div class=\"elementor-column elementor-col-50 elementor-inner-column elementor-element elementor-element-79865f60 elementor-hidden-mobile\" data-id=\"79865f60\" data-element_type=\"column\" data-e-type=\"column\" data-settings=\"{&quot;background_background&quot;:&quot;classic&quot;}\">\n\t\t\t<div class=\"elementor-widget-wrap elementor-element-populated\">\n\t\t\t\t\t\t<div class=\"elementor-element elementor-element-69db81dc elementor-widget elementor-widget-spacer\" data-id=\"69db81dc\" data-element_type=\"widget\" data-e-type=\"widget\" data-widget_type=\"spacer.default\">\n\t\t\t\t<div class=\"elementor-widget-container\">\n\t\t\t\t\t\t\t<div class=\"elementor-spacer\">\n\t\t\t<div class=\"elementor-spacer-inner\"><\/div>\n\t\t<\/div>\n\t\t\t\t\t\t<\/div>\n\t\t\t\t<\/div>\n\t\t\t\t\t<\/div>\n\t\t<\/div>\n\t\t\t\t\t<\/div>\n\t\t<\/section>\n\t\t\t\t<div class=\"elementor-element elementor-element-44bf1d4 elementor-widget elementor-widget-text-editor\" data-id=\"44bf1d4\" data-element_type=\"widget\" data-e-type=\"widget\" data-widget_type=\"text-editor.default\">\n\t\t\t\t<div class=\"elementor-widget-container\">\n\t\t\t\t\t\t\t\t\t<p>In der Welt der Sanit\u00e4rtechnik ist Fortschritt und Innovation der Schl\u00fcssel zu h\u00f6chstem Komfort und Effizienz. Bei Palik-Haustechnik bieten wir ma\u00dfgeschneiderte Sanit\u00e4rl\u00f6sungen, die nicht nur den funktionalen Anforderungen entsprechen, sondern auch ein H\u00f6chstma\u00df an Komfort und \u00c4sthetik bieten.<\/p>\t\t\t\t\t\t\t\t<\/div>\n\t\t\t\t<\/div>\n\t\t\t\t\t<\/div>\n\t\t<\/div>\n\t\t\t\t\t<\/div>\n\t\t<\/section>\n\t\t\t\t<\/div>\n\t\t","protected":false},"excerpt":{"rendered":"<p>Sanit\u00e4rl\u00f6sungen f\u00fcr h\u00f6chsten Komfort Ma\u00dfgeschneiderte Sanit\u00e4rinstallationen Unsere Experten verstehen, dass jede Immobilie einzigartig ist. Daher bieten wir ma\u00dfgeschneiderte Sanit\u00e4rinstallationen an, die auf Ihre spezifischen Bed\u00fcrfnisse zugeschnitten sind. Egal, ob es um die Modernisierung eines Badezimmers, den Einbau energieeffizienter Armaturen oder die Planung einer komplett neuen Sanit\u00e4ranlage geht \u2013 wir haben die L\u00f6sungen. In der Welt [&hellip;]<\/p>\n","protected":false},"author":1,"featured_media":0,"parent":0,"menu_order":0,"comment_status":"closed","ping_status":"closed","template":"elementor_header_footer","meta":{"advanced_seo_description":"","jetpack_seo_html_title":"","jetpack_seo_noindex":false,"footnotes":""},"class_list":["post-83","page","type-page","status-publish","hentry"],"jetpack_sharing_enabled":true,"_links":{"self":[{"href":"https:\/\/palik-haustechnik.com\/home\/wp-json\/wp\/v2\/pages\/83","targetHints":{"allow":["GET"]}}],"collection":[{"href":"https:\/\/palik-haustechnik.com\/home\/wp-json\/wp\/v2\/pages"}],"about":[{"href":"https:\/\/palik-haustechnik.com\/home\/wp-json\/wp\/v2\/types\/page"}],"author":[{"embeddable":true,"href":"https:\/\/palik-haustechnik.com\/home\/wp-json\/wp\/v2\/users\/1"}],"replies":[{"embeddable":true,"href":"https:\/\/palik-haustechnik.com\/home\/wp-json\/wp\/v2\/comments?post=83"}],"version-history":[{"count":20,"href":"https:\/\/palik-haustechnik.com\/home\/wp-json\/wp\/v2\/pages\/83\/revisions"}],"predecessor-version":[{"id":797,"href":"https:\/\/palik-haustechnik.com\/home\/wp-json\/wp\/v2\/pages\/83\/revisions\/797"}],"wp:attachment":[{"href":"https:\/\/palik-haustechnik.com\/home\/wp-json\/wp\/v2\/media?parent=83"}],"curies":[{"name":"wp","href":"https:\/\/api.w.org\/{rel}","templated":true}]}}